{"id":6472,"date":"2018-06-25T08:01:45","date_gmt":"2018-06-25T13:01:45","guid":{"rendered":"https:\/\/www.cutomax.com\/?post_type=product&#038;p=6472"},"modified":"2026-03-03T11:42:32","modified_gmt":"2026-03-03T16:42:32","slug":"couteau-cutomax-adaptable-jaylor-90-degres","status":"publish","type":"product","link":"https:\/\/cutomax.com\/fr\/shop\/pieces-cutomax-adaptable-jay-lor\/couteau-cutomax-adaptable-jaylor-90-degres\/","title":{"rendered":"Couteau Cutomax adaptable JAYLOR 90 degr\u00e9s"},"content":{"rendered":"","protected":false},"excerpt":{"rendered":"<p>Couteau auto-aiguisant avec pastilles de carbure adaptable pour m\u00e9langeur vertical JAYLOR plier \u00e0 90 degr\u00e9s.<\/p>\n<p><em>JAYLOR est une marque d\u00e9pos\u00e9e de Jaylor International inc., qui ne fabrique pas, ne distribue pas et n\u2019approuve pas ces couteaux.<\/em><\/p>\n","protected":false},"featured_media":6451,"template":"","meta":[],"product_brand":[],"product_cat":[57],"product_tag":[],"class_list":{"0":"post-6472","1":"product","2":"type-product","3":"status-publish","4":"has-post-thumbnail","6":"product_cat-pieces-cutomax-adaptable-jay-lor","8":"first","9":"instock","10":"taxable","11":"shipping-taxable","12":"purchasable","13":"product-type-simple"},"_links":{"self":[{"href":"https:\/\/cutomax.com\/fr\/wp-json\/wp\/v2\/product\/6472","targetHints":{"allow":["GET"]}}],"collection":[{"href":"https:\/\/cutomax.com\/fr\/wp-json\/wp\/v2\/product"}],"about":[{"href":"https:\/\/cutomax.com\/fr\/wp-json\/wp\/v2\/types\/product"}],"wp:featuredmedia":[{"embeddable":true,"href":"https:\/\/cutomax.com\/fr\/wp-json\/wp\/v2\/media\/6451"}],"wp:attachment":[{"href":"https:\/\/cutomax.com\/fr\/wp-json\/wp\/v2\/media?parent=6472"}],"wp:term":[{"taxonomy":"product_brand","embeddable":true,"href":"https:\/\/cutomax.com\/fr\/wp-json\/wp\/v2\/product_brand?post=6472"},{"taxonomy":"product_cat","embeddable":true,"href":"https:\/\/cutomax.com\/fr\/wp-json\/wp\/v2\/product_cat?post=6472"},{"taxonomy":"product_tag","embeddable":true,"href":"https:\/\/cutomax.com\/fr\/wp-json\/wp\/v2\/product_tag?post=6472"}],"curies":[{"name":"wp","href":"https:\/\/api.w.org\/{rel}","templated":true}]}}