{"id":6460,"date":"2018-06-25T07:38:50","date_gmt":"2018-06-25T12:38:50","guid":{"rendered":"https:\/\/www.cutomax.com\/?post_type=product&#038;p=6460"},"modified":"2026-03-03T11:56:49","modified_gmt":"2026-03-03T16:56:49","slug":"couteau-cutomax-adaptable-rovibec","status":"publish","type":"product","link":"https:\/\/cutomax.com\/fr\/shop\/pieces-cutomax-adaptable-rovibec\/couteau-cutomax-adaptable-rovibec\/","title":{"rendered":"Couteau Cutomax adaptable Rovibec"},"content":{"rendered":"","protected":false},"excerpt":{"rendered":"<p>Couteau \u00a0auto-aiguisant avec pastilles de carbure adaptable pour m\u00e9langeur vertical Rovibec. Gr\u00e2ce \u00e0 sa nouvelle conception courb\u00e9e, il demande beaucoup moins de puissance au moteur. Maintenant fabriqu\u00e9 en acier plus robuste, il ne n\u00e9cessite plus de plaque renfort.<\/p>\n<p><em>Rovibec est une marque d\u00e9pos\u00e9e de Rovibec Agrisolutions Inc. , qui ne fabrique pas, ne distribue pas et n\u2019approuve pas ces renforts.<\/em><\/p>\n","protected":false},"featured_media":6455,"template":"","meta":[],"product_brand":[],"product_cat":[52],"product_tag":[],"class_list":{"0":"post-6460","1":"product","2":"type-product","3":"status-publish","4":"has-post-thumbnail","6":"product_cat-pieces-cutomax-adaptable-rovibec","8":"first","9":"instock","10":"taxable","11":"shipping-taxable","12":"purchasable","13":"product-type-simple"},"_links":{"self":[{"href":"https:\/\/cutomax.com\/fr\/wp-json\/wp\/v2\/product\/6460","targetHints":{"allow":["GET"]}}],"collection":[{"href":"https:\/\/cutomax.com\/fr\/wp-json\/wp\/v2\/product"}],"about":[{"href":"https:\/\/cutomax.com\/fr\/wp-json\/wp\/v2\/types\/product"}],"wp:featuredmedia":[{"embeddable":true,"href":"https:\/\/cutomax.com\/fr\/wp-json\/wp\/v2\/media\/6455"}],"wp:attachment":[{"href":"https:\/\/cutomax.com\/fr\/wp-json\/wp\/v2\/media?parent=6460"}],"wp:term":[{"taxonomy":"product_brand","embeddable":true,"href":"https:\/\/cutomax.com\/fr\/wp-json\/wp\/v2\/product_brand?post=6460"},{"taxonomy":"product_cat","embeddable":true,"href":"https:\/\/cutomax.com\/fr\/wp-json\/wp\/v2\/product_cat?post=6460"},{"taxonomy":"product_tag","embeddable":true,"href":"https:\/\/cutomax.com\/fr\/wp-json\/wp\/v2\/product_tag?post=6460"}],"curies":[{"name":"wp","href":"https:\/\/api.w.org\/{rel}","templated":true}]}}