{"id":6556,"date":"2022-01-11T10:54:04","date_gmt":"2022-01-11T15:54:04","guid":{"rendered":"https:\/\/www.cutomax.com\/?post_type=product&#038;p=6556"},"modified":"2026-03-03T11:39:41","modified_gmt":"2026-03-03T16:39:41","slug":"couteau-cutomax-adaptable-valmetal-vertical","status":"publish","type":"product","link":"https:\/\/cutomax.com\/en\/shop\/pieces-cutomax-adaptable-valmetal\/couteau-cutomax-adaptable-valmetal-vertical\/","title":{"rendered":"Couteau Cutomax adaptable Valmetal Vertical"},"content":{"rendered":"","protected":false},"excerpt":{"rendered":"<p>Couteau auto-aiguisant avec pastilles de carbure adaptable pour m\u00e9langeur vertical Valmetal. S&#8217;installe dans le bas de la visse sur les mod\u00e8les r\u00e9cent de m\u00e9langeur vertical Valmetal. Les boulons sont inclus.<\/p>\n<p><em>Valmetal est une marque d\u00e9pos\u00e9e de Valmetal inc., qui ne fabrique pas, ne distribue pas et n\u2019approuve pas ces couteaux.<\/em><\/p>\n","protected":false},"featured_media":6589,"template":"","meta":[],"product_brand":[],"product_cat":[53],"product_tag":[],"class_list":{"0":"post-6556","1":"product","2":"type-product","3":"status-publish","4":"has-post-thumbnail","6":"product_cat-pieces-cutomax-adaptable-valmetal","8":"first","9":"instock","10":"taxable","11":"shipping-taxable","12":"purchasable","13":"product-type-simple"},"_links":{"self":[{"href":"https:\/\/cutomax.com\/en\/wp-json\/wp\/v2\/product\/6556","targetHints":{"allow":["GET"]}}],"collection":[{"href":"https:\/\/cutomax.com\/en\/wp-json\/wp\/v2\/product"}],"about":[{"href":"https:\/\/cutomax.com\/en\/wp-json\/wp\/v2\/types\/product"}],"wp:featuredmedia":[{"embeddable":true,"href":"https:\/\/cutomax.com\/en\/wp-json\/wp\/v2\/media\/6589"}],"wp:attachment":[{"href":"https:\/\/cutomax.com\/en\/wp-json\/wp\/v2\/media?parent=6556"}],"wp:term":[{"taxonomy":"product_brand","embeddable":true,"href":"https:\/\/cutomax.com\/en\/wp-json\/wp\/v2\/product_brand?post=6556"},{"taxonomy":"product_cat","embeddable":true,"href":"https:\/\/cutomax.com\/en\/wp-json\/wp\/v2\/product_cat?post=6556"},{"taxonomy":"product_tag","embeddable":true,"href":"https:\/\/cutomax.com\/en\/wp-json\/wp\/v2\/product_tag?post=6556"}],"curies":[{"name":"wp","href":"https:\/\/api.w.org\/{rel}","templated":true}]}}